{"id":15761,"date":"2024-10-09T15:49:17","date_gmt":"2024-10-09T15:49:17","guid":{"rendered":"https:\/\/arapikacoffeeshop.com\/?post_type=product&#038;p=15761"},"modified":"2026-04-11T10:52:19","modified_gmt":"2026-04-11T10:52:19","slug":"nutella","status":"publish","type":"product","link":"https:\/\/arapikacoffeeshop.com\/tr\/product\/nutella\/","title":{"rendered":"BEL\u00c7\u0130KA \u00c7\u0130KOLATALI PASTA"},"content":{"rendered":"","protected":false},"excerpt":{"rendered":"","protected":false},"featured_media":17793,"comment_status":"open","ping_status":"closed","template":"elementor_header_footer","meta":[],"product_cat":[80],"product_tag":[],"class_list":{"0":"post-15761","1":"product","2":"type-product","3":"status-publish","4":"has-post-thumbnail","6":"product_cat-pasta","8":"first","9":"instock","10":"shipping-taxable","11":"purchasable","12":"product-type-simple"},"_links":{"self":[{"href":"https:\/\/arapikacoffeeshop.com\/tr\/wp-json\/wp\/v2\/product\/15761","targetHints":{"allow":["GET"]}}],"collection":[{"href":"https:\/\/arapikacoffeeshop.com\/tr\/wp-json\/wp\/v2\/product"}],"about":[{"href":"https:\/\/arapikacoffeeshop.com\/tr\/wp-json\/wp\/v2\/types\/product"}],"replies":[{"embeddable":true,"href":"https:\/\/arapikacoffeeshop.com\/tr\/wp-json\/wp\/v2\/comments?post=15761"}],"version-history":[{"count":5,"href":"https:\/\/arapikacoffeeshop.com\/tr\/wp-json\/wp\/v2\/product\/15761\/revisions"}],"predecessor-version":[{"id":17787,"href":"https:\/\/arapikacoffeeshop.com\/tr\/wp-json\/wp\/v2\/product\/15761\/revisions\/17787"}],"wp:featuredmedia":[{"embeddable":true,"href":"https:\/\/arapikacoffeeshop.com\/tr\/wp-json\/wp\/v2\/media\/17793"}],"wp:attachment":[{"href":"https:\/\/arapikacoffeeshop.com\/tr\/wp-json\/wp\/v2\/media?parent=15761"}],"wp:term":[{"taxonomy":"product_cat","embeddable":true,"href":"https:\/\/arapikacoffeeshop.com\/tr\/wp-json\/wp\/v2\/product_cat?post=15761"},{"taxonomy":"product_tag","embeddable":true,"href":"https:\/\/arapikacoffeeshop.com\/tr\/wp-json\/wp\/v2\/product_tag?post=15761"}],"curies":[{"name":"wp","href":"https:\/\/api.w.org\/{rel}","templated":true}]}}