{"id":15777,"date":"2024-10-09T15:55:22","date_gmt":"2024-10-09T15:55:22","guid":{"rendered":"https:\/\/arapikacoffeeshop.com\/?post_type=product&#038;p=15777"},"modified":"2026-01-01T00:42:39","modified_gmt":"2026-01-01T00:42:39","slug":"chocolate-pancake","status":"publish","type":"product","link":"https:\/\/arapikacoffeeshop.com\/tr\/product\/chocolate-pancake\/","title":{"rendered":"CHOCOLATE M\u0130N\u0130 PANCAKE"},"content":{"rendered":"","protected":false},"excerpt":{"rendered":"<p><span style=\"vertical-align: inherit;\"><span style=\"vertical-align: inherit;\">M\u0130N\u0130 PANCAKE &#8211; CALLABEUT BEL\u00c7\u0130KA \u00c7\u0130KOLATASI<\/span><\/span><\/p>\n","protected":false},"featured_media":17044,"comment_status":"open","ping_status":"closed","template":"elementor_header_footer","meta":[],"product_cat":[81],"product_tag":[],"class_list":{"0":"post-15777","1":"product","2":"type-product","3":"status-publish","4":"has-post-thumbnail","6":"product_cat-mini-pancake","8":"first","9":"instock","10":"shipping-taxable","11":"purchasable","12":"product-type-simple"},"_links":{"self":[{"href":"https:\/\/arapikacoffeeshop.com\/tr\/wp-json\/wp\/v2\/product\/15777","targetHints":{"allow":["GET"]}}],"collection":[{"href":"https:\/\/arapikacoffeeshop.com\/tr\/wp-json\/wp\/v2\/product"}],"about":[{"href":"https:\/\/arapikacoffeeshop.com\/tr\/wp-json\/wp\/v2\/types\/product"}],"replies":[{"embeddable":true,"href":"https:\/\/arapikacoffeeshop.com\/tr\/wp-json\/wp\/v2\/comments?post=15777"}],"version-history":[{"count":4,"href":"https:\/\/arapikacoffeeshop.com\/tr\/wp-json\/wp\/v2\/product\/15777\/revisions"}],"predecessor-version":[{"id":17704,"href":"https:\/\/arapikacoffeeshop.com\/tr\/wp-json\/wp\/v2\/product\/15777\/revisions\/17704"}],"wp:featuredmedia":[{"embeddable":true,"href":"https:\/\/arapikacoffeeshop.com\/tr\/wp-json\/wp\/v2\/media\/17044"}],"wp:attachment":[{"href":"https:\/\/arapikacoffeeshop.com\/tr\/wp-json\/wp\/v2\/media?parent=15777"}],"wp:term":[{"taxonomy":"product_cat","embeddable":true,"href":"https:\/\/arapikacoffeeshop.com\/tr\/wp-json\/wp\/v2\/product_cat?post=15777"},{"taxonomy":"product_tag","embeddable":true,"href":"https:\/\/arapikacoffeeshop.com\/tr\/wp-json\/wp\/v2\/product_tag?post=15777"}],"curies":[{"name":"wp","href":"https:\/\/api.w.org\/{rel}","templated":true}]}}