{"id":15779,"date":"2024-10-09T15:56:16","date_gmt":"2024-10-09T15:56:16","guid":{"rendered":"https:\/\/arapikacoffeeshop.com\/?post_type=product&#038;p=15779"},"modified":"2026-01-01T00:42:50","modified_gmt":"2026-01-01T00:42:50","slug":"white-pancake","status":"publish","type":"product","link":"https:\/\/arapikacoffeeshop.com\/tr\/product\/white-pancake\/","title":{"rendered":"WH\u0130TE M\u0130N\u0130 PANCAKE"},"content":{"rendered":"","protected":false},"excerpt":{"rendered":"<p><span style=\"vertical-align: inherit;\"><span style=\"vertical-align: inherit;\">M\u0130N\u0130 PANCAKE &#8211; <span style=\"vertical-align: inherit;\">CALLABEUT BEYAZ BEL\u00c7\u0130KA \u00c7\u0130KOLATASI &#8211; ANTEP FISTI\u011eI<\/span><\/span><\/span><\/p>\n","protected":false},"featured_media":17046,"comment_status":"open","ping_status":"closed","template":"elementor_header_footer","meta":[],"product_cat":[81],"product_tag":[],"class_list":{"0":"post-15779","1":"product","2":"type-product","3":"status-publish","4":"has-post-thumbnail","6":"product_cat-mini-pancake","8":"first","9":"instock","10":"shipping-taxable","11":"purchasable","12":"product-type-simple"},"_links":{"self":[{"href":"https:\/\/arapikacoffeeshop.com\/tr\/wp-json\/wp\/v2\/product\/15779","targetHints":{"allow":["GET"]}}],"collection":[{"href":"https:\/\/arapikacoffeeshop.com\/tr\/wp-json\/wp\/v2\/product"}],"about":[{"href":"https:\/\/arapikacoffeeshop.com\/tr\/wp-json\/wp\/v2\/types\/product"}],"replies":[{"embeddable":true,"href":"https:\/\/arapikacoffeeshop.com\/tr\/wp-json\/wp\/v2\/comments?post=15779"}],"version-history":[{"count":5,"href":"https:\/\/arapikacoffeeshop.com\/tr\/wp-json\/wp\/v2\/product\/15779\/revisions"}],"predecessor-version":[{"id":17709,"href":"https:\/\/arapikacoffeeshop.com\/tr\/wp-json\/wp\/v2\/product\/15779\/revisions\/17709"}],"wp:featuredmedia":[{"embeddable":true,"href":"https:\/\/arapikacoffeeshop.com\/tr\/wp-json\/wp\/v2\/media\/17046"}],"wp:attachment":[{"href":"https:\/\/arapikacoffeeshop.com\/tr\/wp-json\/wp\/v2\/media?parent=15779"}],"wp:term":[{"taxonomy":"product_cat","embeddable":true,"href":"https:\/\/arapikacoffeeshop.com\/tr\/wp-json\/wp\/v2\/product_cat?post=15779"},{"taxonomy":"product_tag","embeddable":true,"href":"https:\/\/arapikacoffeeshop.com\/tr\/wp-json\/wp\/v2\/product_tag?post=15779"}],"curies":[{"name":"wp","href":"https:\/\/api.w.org\/{rel}","templated":true}]}}