{"id":15781,"date":"2024-10-09T15:57:01","date_gmt":"2024-10-09T15:57:01","guid":{"rendered":"https:\/\/arapikacoffeeshop.com\/?post_type=product&#038;p=15781"},"modified":"2026-01-01T00:42:31","modified_gmt":"2026-01-01T00:42:31","slug":"lotus-pancake","status":"publish","type":"product","link":"https:\/\/arapikacoffeeshop.com\/tr\/product\/lotus-pancake\/","title":{"rendered":"LOTUS M\u0130N\u0130 PANCAKE"},"content":{"rendered":"","protected":false},"excerpt":{"rendered":"<p><span style=\"vertical-align: inherit;\"><span style=\"vertical-align: inherit;\">M\u0130N\u0130 PANCAKE &#8211; LOTUS B\u0130SCOFF &#8211; <span style=\"vertical-align: inherit;\">CALLABEUT BEL\u00c7\u0130KA \u00c7\u0130KOLATASI &#8211; LOTUS B\u0130SK\u00dcV\u0130<\/span><\/span><\/span><\/p>\n","protected":false},"featured_media":17048,"comment_status":"open","ping_status":"closed","template":"elementor_header_footer","meta":[],"product_cat":[81],"product_tag":[],"class_list":{"0":"post-15781","1":"product","2":"type-product","3":"status-publish","4":"has-post-thumbnail","6":"product_cat-mini-pancake","8":"first","9":"instock","10":"shipping-taxable","11":"purchasable","12":"product-type-simple"},"_links":{"self":[{"href":"https:\/\/arapikacoffeeshop.com\/tr\/wp-json\/wp\/v2\/product\/15781","targetHints":{"allow":["GET"]}}],"collection":[{"href":"https:\/\/arapikacoffeeshop.com\/tr\/wp-json\/wp\/v2\/product"}],"about":[{"href":"https:\/\/arapikacoffeeshop.com\/tr\/wp-json\/wp\/v2\/types\/product"}],"replies":[{"embeddable":true,"href":"https:\/\/arapikacoffeeshop.com\/tr\/wp-json\/wp\/v2\/comments?post=15781"}],"version-history":[{"count":4,"href":"https:\/\/arapikacoffeeshop.com\/tr\/wp-json\/wp\/v2\/product\/15781\/revisions"}],"predecessor-version":[{"id":17706,"href":"https:\/\/arapikacoffeeshop.com\/tr\/wp-json\/wp\/v2\/product\/15781\/revisions\/17706"}],"wp:featuredmedia":[{"embeddable":true,"href":"https:\/\/arapikacoffeeshop.com\/tr\/wp-json\/wp\/v2\/media\/17048"}],"wp:attachment":[{"href":"https:\/\/arapikacoffeeshop.com\/tr\/wp-json\/wp\/v2\/media?parent=15781"}],"wp:term":[{"taxonomy":"product_cat","embeddable":true,"href":"https:\/\/arapikacoffeeshop.com\/tr\/wp-json\/wp\/v2\/product_cat?post=15781"},{"taxonomy":"product_tag","embeddable":true,"href":"https:\/\/arapikacoffeeshop.com\/tr\/wp-json\/wp\/v2\/product_tag?post=15781"}],"curies":[{"name":"wp","href":"https:\/\/api.w.org\/{rel}","templated":true}]}}