{"id":15823,"date":"2024-10-09T16:15:19","date_gmt":"2024-10-09T16:15:19","guid":{"rendered":"https:\/\/arapikacoffeeshop.com\/?post_type=product&#038;p=15823"},"modified":"2026-01-01T00:40:10","modified_gmt":"2026-01-01T00:40:10","slug":"fruity-krep","status":"publish","type":"product","link":"https:\/\/arapikacoffeeshop.com\/tr\/product\/fruity-krep\/","title":{"rendered":"FRUITY KREP"},"content":{"rendered":"","protected":false},"excerpt":{"rendered":"<p><span style=\"vertical-align: inherit;\"><span style=\"vertical-align: inherit;\">KREP &#8211; MUZ &#8211; \u00c7\u0130LEK &#8211; CALLEBAUT BEL\u00c7\u0130KA \u00c7\u0130KOLATASI<\/span><\/span><\/p>\n","protected":false},"featured_media":17277,"comment_status":"open","ping_status":"closed","template":"elementor_header_footer","meta":[],"product_cat":[84],"product_tag":[],"class_list":{"0":"post-15823","1":"product","2":"type-product","3":"status-publish","4":"has-post-thumbnail","6":"product_cat-krep","8":"first","9":"instock","10":"shipping-taxable","11":"purchasable","12":"product-type-simple"},"_links":{"self":[{"href":"https:\/\/arapikacoffeeshop.com\/tr\/wp-json\/wp\/v2\/product\/15823","targetHints":{"allow":["GET"]}}],"collection":[{"href":"https:\/\/arapikacoffeeshop.com\/tr\/wp-json\/wp\/v2\/product"}],"about":[{"href":"https:\/\/arapikacoffeeshop.com\/tr\/wp-json\/wp\/v2\/types\/product"}],"replies":[{"embeddable":true,"href":"https:\/\/arapikacoffeeshop.com\/tr\/wp-json\/wp\/v2\/comments?post=15823"}],"version-history":[{"count":4,"href":"https:\/\/arapikacoffeeshop.com\/tr\/wp-json\/wp\/v2\/product\/15823\/revisions"}],"predecessor-version":[{"id":17699,"href":"https:\/\/arapikacoffeeshop.com\/tr\/wp-json\/wp\/v2\/product\/15823\/revisions\/17699"}],"wp:featuredmedia":[{"embeddable":true,"href":"https:\/\/arapikacoffeeshop.com\/tr\/wp-json\/wp\/v2\/media\/17277"}],"wp:attachment":[{"href":"https:\/\/arapikacoffeeshop.com\/tr\/wp-json\/wp\/v2\/media?parent=15823"}],"wp:term":[{"taxonomy":"product_cat","embeddable":true,"href":"https:\/\/arapikacoffeeshop.com\/tr\/wp-json\/wp\/v2\/product_cat?post=15823"},{"taxonomy":"product_tag","embeddable":true,"href":"https:\/\/arapikacoffeeshop.com\/tr\/wp-json\/wp\/v2\/product_tag?post=15823"}],"curies":[{"name":"wp","href":"https:\/\/api.w.org\/{rel}","templated":true}]}}