{"id":15825,"date":"2024-10-09T16:16:09","date_gmt":"2024-10-09T16:16:09","guid":{"rendered":"https:\/\/arapikacoffeeshop.com\/?post_type=product&#038;p=15825"},"modified":"2026-01-01T00:39:59","modified_gmt":"2026-01-01T00:39:59","slug":"susi-krep","status":"publish","type":"product","link":"https:\/\/arapikacoffeeshop.com\/tr\/product\/susi-krep\/","title":{"rendered":"SUSHI KREP"},"content":{"rendered":"","protected":false},"excerpt":{"rendered":"<p><span style=\"vertical-align: inherit;\"><span style=\"vertical-align: inherit;\">KREP &#8211; MUZ &#8211; BROWN\u0130E KEK &#8211; CALLEBAUT BEL\u00c7\u0130KA \u00c7\u0130KOLATASI &#8211; LOTUS B\u0130SCOFF<\/span><\/span><\/p>\n","protected":false},"featured_media":17275,"comment_status":"open","ping_status":"closed","template":"elementor_header_footer","meta":[],"product_cat":[84],"product_tag":[],"class_list":{"0":"post-15825","1":"product","2":"type-product","3":"status-publish","4":"has-post-thumbnail","6":"product_cat-krep","8":"first","9":"instock","10":"shipping-taxable","11":"purchasable","12":"product-type-simple"},"_links":{"self":[{"href":"https:\/\/arapikacoffeeshop.com\/tr\/wp-json\/wp\/v2\/product\/15825","targetHints":{"allow":["GET"]}}],"collection":[{"href":"https:\/\/arapikacoffeeshop.com\/tr\/wp-json\/wp\/v2\/product"}],"about":[{"href":"https:\/\/arapikacoffeeshop.com\/tr\/wp-json\/wp\/v2\/types\/product"}],"replies":[{"embeddable":true,"href":"https:\/\/arapikacoffeeshop.com\/tr\/wp-json\/wp\/v2\/comments?post=15825"}],"version-history":[{"count":5,"href":"https:\/\/arapikacoffeeshop.com\/tr\/wp-json\/wp\/v2\/product\/15825\/revisions"}],"predecessor-version":[{"id":17698,"href":"https:\/\/arapikacoffeeshop.com\/tr\/wp-json\/wp\/v2\/product\/15825\/revisions\/17698"}],"wp:featuredmedia":[{"embeddable":true,"href":"https:\/\/arapikacoffeeshop.com\/tr\/wp-json\/wp\/v2\/media\/17275"}],"wp:attachment":[{"href":"https:\/\/arapikacoffeeshop.com\/tr\/wp-json\/wp\/v2\/media?parent=15825"}],"wp:term":[{"taxonomy":"product_cat","embeddable":true,"href":"https:\/\/arapikacoffeeshop.com\/tr\/wp-json\/wp\/v2\/product_cat?post=15825"},{"taxonomy":"product_tag","embeddable":true,"href":"https:\/\/arapikacoffeeshop.com\/tr\/wp-json\/wp\/v2\/product_tag?post=15825"}],"curies":[{"name":"wp","href":"https:\/\/api.w.org\/{rel}","templated":true}]}}