{"id":15838,"date":"2024-10-09T16:22:04","date_gmt":"2024-10-09T16:22:04","guid":{"rendered":"https:\/\/arapikacoffeeshop.com\/?post_type=product&#038;p=15838"},"modified":"2026-01-01T00:32:04","modified_gmt":"2026-01-01T00:32:04","slug":"fruity-waffle","status":"publish","type":"product","link":"https:\/\/arapikacoffeeshop.com\/tr\/product\/fruity-waffle\/","title":{"rendered":"FRU\u0130TY WAFFLE"},"content":{"rendered":"","protected":false},"excerpt":{"rendered":"<p><span style=\"vertical-align: inherit;\"><span style=\"vertical-align: inherit;\"><span style=\"vertical-align: inherit;\"><span style=\"vertical-align: inherit;\"><span style=\"vertical-align: inherit;\"><span style=\"vertical-align: inherit;\">WAFFLE &#8211; MUZ &#8211; \u00c7\u0130LEK &#8211; CALLEBAUT BEL\u00c7\u0130KA \u00c7\u0130KOLATASI<\/span><\/span><\/span><\/span><\/span><\/span><\/p>\n","protected":false},"featured_media":17285,"comment_status":"open","ping_status":"closed","template":"elementor_header_footer","meta":[],"product_cat":[85],"product_tag":[],"class_list":{"0":"post-15838","1":"product","2":"type-product","3":"status-publish","4":"has-post-thumbnail","6":"product_cat-waffle","8":"first","9":"instock","10":"shipping-taxable","11":"purchasable","12":"product-type-simple"},"_links":{"self":[{"href":"https:\/\/arapikacoffeeshop.com\/tr\/wp-json\/wp\/v2\/product\/15838","targetHints":{"allow":["GET"]}}],"collection":[{"href":"https:\/\/arapikacoffeeshop.com\/tr\/wp-json\/wp\/v2\/product"}],"about":[{"href":"https:\/\/arapikacoffeeshop.com\/tr\/wp-json\/wp\/v2\/types\/product"}],"replies":[{"embeddable":true,"href":"https:\/\/arapikacoffeeshop.com\/tr\/wp-json\/wp\/v2\/comments?post=15838"}],"version-history":[{"count":6,"href":"https:\/\/arapikacoffeeshop.com\/tr\/wp-json\/wp\/v2\/product\/15838\/revisions"}],"predecessor-version":[{"id":17677,"href":"https:\/\/arapikacoffeeshop.com\/tr\/wp-json\/wp\/v2\/product\/15838\/revisions\/17677"}],"wp:featuredmedia":[{"embeddable":true,"href":"https:\/\/arapikacoffeeshop.com\/tr\/wp-json\/wp\/v2\/media\/17285"}],"wp:attachment":[{"href":"https:\/\/arapikacoffeeshop.com\/tr\/wp-json\/wp\/v2\/media?parent=15838"}],"wp:term":[{"taxonomy":"product_cat","embeddable":true,"href":"https:\/\/arapikacoffeeshop.com\/tr\/wp-json\/wp\/v2\/product_cat?post=15838"},{"taxonomy":"product_tag","embeddable":true,"href":"https:\/\/arapikacoffeeshop.com\/tr\/wp-json\/wp\/v2\/product_tag?post=15838"}],"curies":[{"name":"wp","href":"https:\/\/api.w.org\/{rel}","templated":true}]}}