{"id":17489,"date":"2024-10-09T15:42:08","date_gmt":"2024-10-09T15:42:08","guid":{"rendered":"https:\/\/arapikacoffeeshop.com\/product\/mojito\/"},"modified":"2026-01-01T00:59:07","modified_gmt":"2026-01-01T00:59:07","slug":"mojito","status":"publish","type":"product","link":"https:\/\/arapikacoffeeshop.com\/tr\/urun\/mojito\/","title":{"rendered":"MOJITO"},"content":{"rendered":"","protected":false},"excerpt":{"rendered":"<p>gazl\u0131 aromal\u0131 i\u00e7ecek<\/p>\n","protected":false},"featured_media":17037,"comment_status":"open","ping_status":"closed","template":"elementor_header_footer","meta":[],"product_cat":[96],"product_tag":[],"class_list":{"0":"post-17489","1":"product","2":"type-product","3":"status-publish","4":"has-post-thumbnail","6":"product_cat-taze-icecekler","8":"first","9":"instock","10":"shipping-taxable","11":"purchasable","12":"product-type-simple"},"_links":{"self":[{"href":"https:\/\/arapikacoffeeshop.com\/tr\/wp-json\/wp\/v2\/product\/17489","targetHints":{"allow":["GET"]}}],"collection":[{"href":"https:\/\/arapikacoffeeshop.com\/tr\/wp-json\/wp\/v2\/product"}],"about":[{"href":"https:\/\/arapikacoffeeshop.com\/tr\/wp-json\/wp\/v2\/types\/product"}],"replies":[{"embeddable":true,"href":"https:\/\/arapikacoffeeshop.com\/tr\/wp-json\/wp\/v2\/comments?post=17489"}],"version-history":[{"count":1,"href":"https:\/\/arapikacoffeeshop.com\/tr\/wp-json\/wp\/v2\/product\/17489\/revisions"}],"predecessor-version":[{"id":17490,"href":"https:\/\/arapikacoffeeshop.com\/tr\/wp-json\/wp\/v2\/product\/17489\/revisions\/17490"}],"wp:featuredmedia":[{"embeddable":true,"href":"https:\/\/arapikacoffeeshop.com\/tr\/wp-json\/wp\/v2\/media\/17037"}],"wp:attachment":[{"href":"https:\/\/arapikacoffeeshop.com\/tr\/wp-json\/wp\/v2\/media?parent=17489"}],"wp:term":[{"taxonomy":"product_cat","embeddable":true,"href":"https:\/\/arapikacoffeeshop.com\/tr\/wp-json\/wp\/v2\/product_cat?post=17489"},{"taxonomy":"product_tag","embeddable":true,"href":"https:\/\/arapikacoffeeshop.com\/tr\/wp-json\/wp\/v2\/product_tag?post=17489"}],"curies":[{"name":"wp","href":"https:\/\/api.w.org\/{rel}","templated":true}]}}