{"id":17621,"date":"2024-10-09T15:05:00","date_gmt":"2024-10-09T15:05:00","guid":{"rendered":"https:\/\/arapikacoffeeshop.com\/product\/turk-kahvesi\/"},"modified":"2026-01-01T00:55:05","modified_gmt":"2026-01-01T00:55:05","slug":"turk-kahvesi","status":"publish","type":"product","link":"https:\/\/arapikacoffeeshop.com\/tr\/urun\/turk-kahvesi\/","title":{"rendered":"T\u00dcRK KAHVES\u0130"},"content":{"rendered":"","protected":false},"excerpt":{"rendered":"<p>arapika taze kavurulmu\u015f kahve<\/p>\n","protected":false},"featured_media":17093,"comment_status":"open","ping_status":"closed","template":"elementor_header_footer","meta":[],"product_cat":[102],"product_tag":[],"class_list":{"0":"post-17621","1":"product","2":"type-product","3":"status-publish","4":"has-post-thumbnail","6":"product_cat-klasikler-tr","8":"first","9":"instock","10":"shipping-taxable","11":"purchasable","12":"product-type-simple"},"_links":{"self":[{"href":"https:\/\/arapikacoffeeshop.com\/tr\/wp-json\/wp\/v2\/product\/17621","targetHints":{"allow":["GET"]}}],"collection":[{"href":"https:\/\/arapikacoffeeshop.com\/tr\/wp-json\/wp\/v2\/product"}],"about":[{"href":"https:\/\/arapikacoffeeshop.com\/tr\/wp-json\/wp\/v2\/types\/product"}],"replies":[{"embeddable":true,"href":"https:\/\/arapikacoffeeshop.com\/tr\/wp-json\/wp\/v2\/comments?post=17621"}],"version-history":[{"count":4,"href":"https:\/\/arapikacoffeeshop.com\/tr\/wp-json\/wp\/v2\/product\/17621\/revisions"}],"predecessor-version":[{"id":17752,"href":"https:\/\/arapikacoffeeshop.com\/tr\/wp-json\/wp\/v2\/product\/17621\/revisions\/17752"}],"wp:featuredmedia":[{"embeddable":true,"href":"https:\/\/arapikacoffeeshop.com\/tr\/wp-json\/wp\/v2\/media\/17093"}],"wp:attachment":[{"href":"https:\/\/arapikacoffeeshop.com\/tr\/wp-json\/wp\/v2\/media?parent=17621"}],"wp:term":[{"taxonomy":"product_cat","embeddable":true,"href":"https:\/\/arapikacoffeeshop.com\/tr\/wp-json\/wp\/v2\/product_cat?post=17621"},{"taxonomy":"product_tag","embeddable":true,"href":"https:\/\/arapikacoffeeshop.com\/tr\/wp-json\/wp\/v2\/product_tag?post=17621"}],"curies":[{"name":"wp","href":"https:\/\/api.w.org\/{rel}","templated":true}]}}