{"id":17640,"date":"2024-10-09T15:17:34","date_gmt":"2024-10-09T15:17:34","guid":{"rendered":"https:\/\/arapikacoffeeshop.com\/product\/cikolata\/"},"modified":"2026-01-01T00:57:06","modified_gmt":"2026-01-01T00:57:06","slug":"cikolata","status":"publish","type":"product","link":"https:\/\/arapikacoffeeshop.com\/tr\/urun\/cikolata\/","title":{"rendered":"\u00c7\u0130KOLATA M\u0130LKSHAKE"},"content":{"rendered":"","protected":false},"excerpt":{"rendered":"","protected":false},"featured_media":17077,"comment_status":"open","ping_status":"closed","template":"elementor_header_footer","meta":[],"product_cat":[103],"product_tag":[],"class_list":{"0":"post-17640","1":"product","2":"type-product","3":"status-publish","4":"has-post-thumbnail","6":"product_cat-milkshake-tr","8":"first","9":"instock","10":"shipping-taxable","11":"purchasable","12":"product-type-simple"},"_links":{"self":[{"href":"https:\/\/arapikacoffeeshop.com\/tr\/wp-json\/wp\/v2\/product\/17640","targetHints":{"allow":["GET"]}}],"collection":[{"href":"https:\/\/arapikacoffeeshop.com\/tr\/wp-json\/wp\/v2\/product"}],"about":[{"href":"https:\/\/arapikacoffeeshop.com\/tr\/wp-json\/wp\/v2\/types\/product"}],"replies":[{"embeddable":true,"href":"https:\/\/arapikacoffeeshop.com\/tr\/wp-json\/wp\/v2\/comments?post=17640"}],"version-history":[{"count":3,"href":"https:\/\/arapikacoffeeshop.com\/tr\/wp-json\/wp\/v2\/product\/17640\/revisions"}],"predecessor-version":[{"id":17743,"href":"https:\/\/arapikacoffeeshop.com\/tr\/wp-json\/wp\/v2\/product\/17640\/revisions\/17743"}],"wp:featuredmedia":[{"embeddable":true,"href":"https:\/\/arapikacoffeeshop.com\/tr\/wp-json\/wp\/v2\/media\/17077"}],"wp:attachment":[{"href":"https:\/\/arapikacoffeeshop.com\/tr\/wp-json\/wp\/v2\/media?parent=17640"}],"wp:term":[{"taxonomy":"product_cat","embeddable":true,"href":"https:\/\/arapikacoffeeshop.com\/tr\/wp-json\/wp\/v2\/product_cat?post=17640"},{"taxonomy":"product_tag","embeddable":true,"href":"https:\/\/arapikacoffeeshop.com\/tr\/wp-json\/wp\/v2\/product_tag?post=17640"}],"curies":[{"name":"wp","href":"https:\/\/api.w.org\/{rel}","templated":true}]}}